{"id":972,"date":"2022-12-07T13:36:01","date_gmt":"2022-12-07T12:36:01","guid":{"rendered":"https:\/\/baustelle.online-showcase.de\/?page_id=972"},"modified":"2025-04-27T09:58:18","modified_gmt":"2025-04-27T07:58:18","slug":"business","status":"publish","type":"page","link":"https:\/\/silvervision.de\/en\/business\/","title":{"rendered":"Business"},"content":{"rendered":"<div data-elementor-type=\"wp-page\" data-elementor-id=\"972\" class=\"elementor elementor-972\" data-elementor-post-type=\"page\">\n\t\t\t\t\t\t<section class=\"elementor-section elementor-top-section elementor-element elementor-element-1e223cc elementor-section-height-min-height elementor-section-boxed elementor-section-height-default elementor-section-items-middle\" data-id=\"1e223cc\" data-element_type=\"section\" data-e-type=\"section\">\n\t\t\t\t\t\t<div class=\"elementor-container elementor-column-gap-default\">\n\t\t\t\t\t<div class=\"elementor-column elementor-col-100 elementor-top-column elementor-element elementor-element-905123a\" data-id=\"905123a\" data-element_type=\"column\" data-e-type=\"column\">\n\t\t\t<div class=\"elementor-widget-wrap elementor-element-populated\">\n\t\t\t\t\t\t<div class=\"elementor-element elementor-element-348758f elementor-widget elementor-widget-heading\" data-id=\"348758f\" data-element_type=\"widget\" data-e-type=\"widget\" data-widget_type=\"heading.default\">\n\t\t\t\t\t<h1 class=\"elementor-heading-title elementor-size-default\">Business<\/h1>\t\t\t\t<\/div>\n\t\t\t\t\t<\/div>\n\t\t<\/div>\n\t\t\t\t\t<\/div>\n\t\t<\/section>\n\t\t\t\t<section class=\"elementor-section elementor-top-section elementor-element elementor-element-fa08d58 elementor-section-content-middle elementor-section-boxed elementor-section-height-default elementor-section-height-default\" data-id=\"fa08d58\" data-element_type=\"section\" data-e-type=\"section\">\n\t\t\t\t\t\t<div class=\"elementor-container elementor-column-gap-extended\">\n\t\t\t\t\t<div class=\"elementor-column elementor-col-50 elementor-top-column elementor-element elementor-element-25efa5d\" data-id=\"25efa5d\" data-element_type=\"column\" data-e-type=\"column\">\n\t\t\t<div class=\"elementor-widget-wrap elementor-element-populated\">\n\t\t\t\t\t\t<div class=\"elementor-element elementor-element-407b961 elementor-widget elementor-widget-heading\" data-id=\"407b961\" data-element_type=\"widget\" data-e-type=\"widget\" data-widget_type=\"heading.default\">\n\t\t\t\t\t<h3 class=\"elementor-heading-title elementor-size-default\">Business trip<\/h3>\t\t\t\t<\/div>\n\t\t\t\t\t<\/div>\n\t\t<\/div>\n\t\t\t\t<div class=\"elementor-column elementor-col-50 elementor-top-column elementor-element elementor-element-279e58c\" data-id=\"279e58c\" data-element_type=\"column\" data-e-type=\"column\">\n\t\t\t<div class=\"elementor-widget-wrap elementor-element-populated\">\n\t\t\t\t\t\t<div class=\"elementor-element elementor-element-94b81f3 elementor-widget elementor-widget-text-editor\" data-id=\"94b81f3\" data-element_type=\"widget\" data-e-type=\"widget\" data-widget_type=\"text-editor.default\">\n\t\t\t\t\t\t\t\t\t<p>You want to get to your destination easier, safer and faster. You want first-class comfort with scalable services. They expect a wide range of vehicle classes from a single source. And last but not least, the service should be available to you nationwide. This is where Silvervision comes in for you! In addition to optimum safety, we also offer you relaxation, comfort and discretion and, as a member of the Quality Association for Bus Comfort (gbk), we guarantee you the highest quality. Both in terms of vehicle equipment and service. On request, we would also be happy to offer you the individual planning of your exclusive business trips. We have many years of experience in the industry and work with trusted partners from the hotel and tourism industry.<\/p>\t\t\t\t\t\t\t\t<\/div>\n\t\t\t\t\t<\/div>\n\t\t<\/div>\n\t\t\t\t\t<\/div>\n\t\t<\/section>\n\t\t\t\t<section class=\"elementor-section elementor-top-section elementor-element elementor-element-f87970a elementor-section-content-middle elementor-section-boxed elementor-section-height-default elementor-section-height-default\" data-id=\"f87970a\" data-element_type=\"section\" data-e-type=\"section\">\n\t\t\t\t\t\t<div class=\"elementor-container elementor-column-gap-extended\">\n\t\t\t\t\t<div class=\"elementor-column elementor-col-50 elementor-top-column elementor-element elementor-element-5319656\" data-id=\"5319656\" data-element_type=\"column\" data-e-type=\"column\">\n\t\t\t<div class=\"elementor-widget-wrap elementor-element-populated\">\n\t\t\t\t\t\t<div class=\"elementor-element elementor-element-b9117e2 elementor-widget elementor-widget-heading\" data-id=\"b9117e2\" data-element_type=\"widget\" data-e-type=\"widget\" data-widget_type=\"heading.default\">\n\t\t\t\t\t<h3 class=\"elementor-heading-title elementor-size-default\">Mobile conference\n<\/h3>\t\t\t\t<\/div>\n\t\t\t\t\t<\/div>\n\t\t<\/div>\n\t\t\t\t<div class=\"elementor-column elementor-col-50 elementor-top-column elementor-element elementor-element-91dfc6f\" data-id=\"91dfc6f\" data-element_type=\"column\" data-e-type=\"column\">\n\t\t\t<div class=\"elementor-widget-wrap elementor-element-populated\">\n\t\t\t\t\t\t<div class=\"elementor-element elementor-element-6bcce68 elementor-widget elementor-widget-text-editor\" data-id=\"6bcce68\" data-element_type=\"widget\" data-e-type=\"widget\" data-widget_type=\"text-editor.default\">\n\t\t\t\t\t\t\t\t\t<p>Our conference buses and specially equipped Sprinters are specially designed for groups and meetings. The special configuration of the table and seating arrangements ensures a pleasant working atmosphere. So you can already make the most of the travel time. Our vehicles are designed in such a way that we can offer all customers the highest level of safety. Our drivers are also trained in driving safety so that they can react correctly even in tricky situations. With us you get a complete service package that is not just limited to the optical details or the special space. Our vehicles offer you a mobile work environment in which you can fully concentrate on what serves your business.<\/p>\t\t\t\t\t\t\t\t<\/div>\n\t\t\t\t\t<\/div>\n\t\t<\/div>\n\t\t\t\t\t<\/div>\n\t\t<\/section>\n\t\t\t\t<section class=\"elementor-section elementor-top-section elementor-element elementor-element-ee6271c elementor-section-boxed elementor-section-height-default elementor-section-height-default\" data-id=\"ee6271c\" data-element_type=\"section\" data-e-type=\"section\" data-settings=\"{&quot;background_background&quot;:&quot;classic&quot;}\">\n\t\t\t\t\t\t<div class=\"elementor-container elementor-column-gap-default\">\n\t\t\t\t\t<div class=\"elementor-column elementor-col-66 elementor-top-column elementor-element elementor-element-5914d33\" data-id=\"5914d33\" data-element_type=\"column\" data-e-type=\"column\">\n\t\t\t<div class=\"elementor-widget-wrap elementor-element-populated\">\n\t\t\t\t\t\t<div class=\"elementor-element elementor-element-c78906e elementor-widget elementor-widget-heading\" data-id=\"c78906e\" data-element_type=\"widget\" data-e-type=\"widget\" data-widget_type=\"heading.default\">\n\t\t\t\t\t<h5 class=\"elementor-heading-title elementor-size-default\">Das gute Gef\u00fchl, in den besten H\u00e4nden zu sein.<\/h5>\t\t\t\t<\/div>\n\t\t\t\t<div class=\"elementor-element elementor-element-da34908 elementor-widget elementor-widget-text-editor\" data-id=\"da34908\" data-element_type=\"widget\" data-e-type=\"widget\" data-widget_type=\"text-editor.default\">\n\t\t\t\t\t\t\t\t\t<p>Auf uns k\u00f6nnen Sie sich verlassen. Entdecken Sie die Bedeutung von Luxus, Zuverl\u00e4ssigkeit und Professionalit\u00e4t. Erfahren Sie mehr \u00fcber uns in unserem Imagefolder.<\/p>\t\t\t\t\t\t\t\t<\/div>\n\t\t\t\t<div class=\"elementor-element elementor-element-38d5ecb elementor-align-justify elementor-widget elementor-widget-button\" data-id=\"38d5ecb\" data-element_type=\"widget\" data-e-type=\"widget\" data-widget_type=\"button.default\">\n\t\t\t\t\t\t\t\t\t\t<a class=\"elementor-button elementor-button-link elementor-size-sm\" href=\"https:\/\/silvervision.de\/static\/imagefolder.pdf\" target=\"_blank\">\n\t\t\t\t\t\t<span class=\"elementor-button-content-wrapper\">\n\t\t\t\t\t\t\t\t\t<span class=\"elementor-button-text\">Download our image folder<\/span>\n\t\t\t\t\t<\/span>\n\t\t\t\t\t<\/a>\n\t\t\t\t\t\t\t\t<\/div>\n\t\t\t\t\t<\/div>\n\t\t<\/div>\n\t\t\t\t<div class=\"elementor-column elementor-col-33 elementor-top-column elementor-element elementor-element-821ddf3\" data-id=\"821ddf3\" data-element_type=\"column\" data-e-type=\"column\">\n\t\t\t<div class=\"elementor-widget-wrap elementor-element-populated\">\n\t\t\t\t\t\t<div class=\"elementor-element elementor-element-e1b2757 elementor-widget elementor-widget-image\" data-id=\"e1b2757\" data-element_type=\"widget\" data-e-type=\"widget\" data-widget_type=\"image.default\">\n\t\t\t\t\t\t\t\t\t\t\t\t\t\t\t<img fetchpriority=\"high\" decoding=\"async\" width=\"1024\" height=\"768\" src=\"https:\/\/silvervision.de\/wp-content\/uploads\/2023\/02\/silvervision-imagefolder.webp\" class=\"attachment-full size-full wp-image-4064\" alt=\"Silvervision Imagefolder\" srcset=\"https:\/\/silvervision.de\/wp-content\/uploads\/2023\/02\/silvervision-imagefolder.webp 1024w, https:\/\/silvervision.de\/wp-content\/uploads\/2023\/02\/silvervision-imagefolder-300x225.webp 300w, https:\/\/silvervision.de\/wp-content\/uploads\/2023\/02\/silvervision-imagefolder-768x576.webp 768w, https:\/\/silvervision.de\/wp-content\/uploads\/2023\/02\/silvervision-imagefolder-16x12.webp 16w\" sizes=\"(max-width: 1024px) 100vw, 1024px\" \/>\t\t\t\t\t\t\t\t\t\t\t\t\t\t\t<\/div>\n\t\t\t\t\t<\/div>\n\t\t<\/div>\n\t\t\t\t\t<\/div>\n\t\t<\/section>\n\t\t\t\t<section class=\"elementor-section elementor-top-section elementor-element elementor-element-c127452 elementor-section-content-middle elementor-section-boxed elementor-section-height-default elementor-section-height-default\" data-id=\"c127452\" data-element_type=\"section\" data-e-type=\"section\">\n\t\t\t\t\t\t<div class=\"elementor-container elementor-column-gap-extended\">\n\t\t\t\t\t<div class=\"elementor-column elementor-col-50 elementor-top-column elementor-element elementor-element-25d025b\" data-id=\"25d025b\" data-element_type=\"column\" data-e-type=\"column\">\n\t\t\t<div class=\"elementor-widget-wrap elementor-element-populated\">\n\t\t\t\t\t\t<div class=\"elementor-element elementor-element-2c687b9 elementor-widget elementor-widget-heading\" data-id=\"2c687b9\" data-element_type=\"widget\" data-e-type=\"widget\" data-widget_type=\"heading.default\">\n\t\t\t\t\t<h3 class=\"elementor-heading-title elementor-size-default\">VIP Shuttle<\/h3>\t\t\t\t<\/div>\n\t\t\t\t\t<\/div>\n\t\t<\/div>\n\t\t\t\t<div class=\"elementor-column elementor-col-50 elementor-top-column elementor-element elementor-element-51b1e4b\" data-id=\"51b1e4b\" data-element_type=\"column\" data-e-type=\"column\">\n\t\t\t<div class=\"elementor-widget-wrap elementor-element-populated\">\n\t\t\t\t\t\t<div class=\"elementor-element elementor-element-76f5bc1 elementor-widget elementor-widget-text-editor\" data-id=\"76f5bc1\" data-element_type=\"widget\" data-e-type=\"widget\" data-widget_type=\"text-editor.default\">\n\t\t\t\t\t\t\t\t\t<p>We have made a name for ourselves in the field of VIP shuttle service for a long time. With Silvervision&#039;s exclusive chauffeur service, we can bring you or your guests to the desired destination quickly and flexibly at any time - with maximum safety and exquisite comfort. Our chauffeurs are specially trained professionals who will satisfy the most demanding customers. That is why we have been able to convince so many business customers, politicians and celebrities, but also high-end private customers of our services in the past. We adapt our VIP shuttle service to your very personal requirements and guarantee maximum exclusivity, discretion and service at the highest level - whether it is a trip to a representative event or a business meeting.<\/p>\t\t\t\t\t\t\t\t<\/div>\n\t\t\t\t\t<\/div>\n\t\t<\/div>\n\t\t\t\t\t<\/div>\n\t\t<\/section>\n\t\t\t\t<section class=\"elementor-section elementor-top-section elementor-element elementor-element-35506fa elementor-section-content-middle elementor-section-boxed elementor-section-height-default elementor-section-height-default\" data-id=\"35506fa\" data-element_type=\"section\" data-e-type=\"section\">\n\t\t\t\t\t\t<div class=\"elementor-container elementor-column-gap-extended\">\n\t\t\t\t\t<div class=\"elementor-column elementor-col-50 elementor-top-column elementor-element elementor-element-7aff15b\" data-id=\"7aff15b\" data-element_type=\"column\" data-e-type=\"column\">\n\t\t\t<div class=\"elementor-widget-wrap elementor-element-populated\">\n\t\t\t\t\t\t<div class=\"elementor-element elementor-element-f36d037 elementor-widget elementor-widget-heading\" data-id=\"f36d037\" data-element_type=\"widget\" data-e-type=\"widget\" data-widget_type=\"heading.default\">\n\t\t\t\t\t<h3 class=\"elementor-heading-title elementor-size-default\">Special Services<\/h3>\t\t\t\t<\/div>\n\t\t\t\t\t<\/div>\n\t\t<\/div>\n\t\t\t\t<div class=\"elementor-column elementor-col-50 elementor-top-column elementor-element elementor-element-7f23d1e\" data-id=\"7f23d1e\" data-element_type=\"column\" data-e-type=\"column\">\n\t\t\t<div class=\"elementor-widget-wrap elementor-element-populated\">\n\t\t\t\t\t\t<div class=\"elementor-element elementor-element-f50b18f elementor-widget elementor-widget-text-editor\" data-id=\"f50b18f\" data-element_type=\"widget\" data-e-type=\"widget\" data-widget_type=\"text-editor.default\">\n\t\t\t\t\t\t\t\t\t<p>A whole range of attractive additional services rounds off our offer for you. For example, the branding of the vehicle you rented. We would be happy to put together an individual offer for you. No matter whether with large-area bonding or in the form of magnetic signs. Whether you are planning overnight stays in the best hotels in Germany, need an identical VIP bus fleet for the trade fair transfer or would like to experience an extraordinary program with your team: we support secretariats, companies and private individuals in planning your VIP trip. To accompany your business trips, you can book our specially trained hostess service for you and your customers, who will serve you a large selection of canap\u00e9s, finger food and drinks in proper style. Let yourself and your guests be pampered all around on the trip with Silvervision.<\/p>\t\t\t\t\t\t\t\t<\/div>\n\t\t\t\t\t<\/div>\n\t\t<\/div>\n\t\t\t\t\t<\/div>\n\t\t<\/section>\n\t\t\t\t<section class=\"elementor-section elementor-top-section elementor-element elementor-element-db4aec5 elementor-section-content-middle elementor-section-boxed elementor-section-height-default elementor-section-height-default\" data-id=\"db4aec5\" data-element_type=\"section\" data-e-type=\"section\">\n\t\t\t\t\t\t<div class=\"elementor-container elementor-column-gap-extended\">\n\t\t\t\t\t<div class=\"elementor-column elementor-col-50 elementor-top-column elementor-element elementor-element-a37c7ef\" data-id=\"a37c7ef\" data-element_type=\"column\" data-e-type=\"column\">\n\t\t\t<div class=\"elementor-widget-wrap elementor-element-populated\">\n\t\t\t\t\t\t<div class=\"elementor-element elementor-element-bbecf78 elementor-widget elementor-widget-heading\" data-id=\"bbecf78\" data-element_type=\"widget\" data-e-type=\"widget\" data-widget_type=\"heading.default\">\n\t\t\t\t\t<h3 class=\"elementor-heading-title elementor-size-default\">delegation<\/h3>\t\t\t\t<\/div>\n\t\t\t\t\t<\/div>\n\t\t<\/div>\n\t\t\t\t<div class=\"elementor-column elementor-col-50 elementor-top-column elementor-element elementor-element-5dbbd48\" data-id=\"5dbbd48\" data-element_type=\"column\" data-e-type=\"column\">\n\t\t\t<div class=\"elementor-widget-wrap elementor-element-populated\">\n\t\t\t\t\t\t<div class=\"elementor-element elementor-element-d6d6ae6 elementor-widget elementor-widget-text-editor\" data-id=\"d6d6ae6\" data-element_type=\"widget\" data-e-type=\"widget\" data-widget_type=\"text-editor.default\">\n\t\t\t\t\t\t\t\t\t<p>Silvervision steht f\u00fcr einen h\u00f6chst sensiblen Umgang mit Kundendaten sowie f\u00fcr 100% Diskretion. Zu unseren ganz besonderen Kunden z\u00e4hlen nicht umsonst neben namhaften nationalen und internationalen Unternehmen immer wieder staatliche und wirtschaftliche Delegationen.<\/p>\n\n\n<p>Bei uns wird das Thema Verschwiegenheit gro\u00df geschrieben. Das gilt selbstverst\u00e4ndlich gerade dann, wenn es sich bei unseren Fahrg\u00e4sten um Staats- oder Wirtschaftsdelegationen handelt. Unsere umfangreichen Erfahrungen in diesem Bereich \u00fcberzeugen genauso wie unser einzigartiger Service.<\/p>\n\n \n\n<p>Entsprechend geschulte, hochqualifizierte Mitarbeiter gew\u00e4hrleisten zu jeder Zeit einen ungest\u00f6rten und reibungslosen Ablauf der Reise. Profitieren Sie von unserer langj\u00e4hrigen Kompetenz und Erfahrung bei der sicheren, komfortablen Bef\u00f6rderung von hochrangigen Delegationen.<\/p>\t\t\t\t\t\t\t\t<\/div>\n\t\t\t\t\t<\/div>\n\t\t<\/div>\n\t\t\t\t\t<\/div>\n\t\t<\/section>\n\t\t\t\t<section class=\"elementor-section elementor-top-section elementor-element elementor-element-41a49454 elementor-section-height-min-height elementor-section-boxed elementor-section-height-default elementor-section-items-middle\" data-id=\"41a49454\" data-element_type=\"section\" data-e-type=\"section\" data-settings=\"{&quot;background_background&quot;:&quot;classic&quot;}\">\n\t\t\t\t\t\t<div class=\"elementor-container elementor-column-gap-default\">\n\t\t\t\t\t<div class=\"elementor-column elementor-col-100 elementor-top-column elementor-element elementor-element-10245a9d\" data-id=\"10245a9d\" data-element_type=\"column\" data-e-type=\"column\" data-settings=\"{&quot;background_background&quot;:&quot;classic&quot;}\">\n\t\t\t<div class=\"elementor-widget-wrap elementor-element-populated\">\n\t\t\t\t\t\t<div class=\"elementor-element elementor-element-4eb144b3 elementor-widget elementor-widget-text-editor\" data-id=\"4eb144b3\" data-element_type=\"widget\" data-e-type=\"widget\" data-widget_type=\"text-editor.default\">\n\t\t\t\t\t\t\t\t\tFree &amp; non-binding advice: <span class=\"hightlighted\"><a href=\"tel:004929219813030\">+49 2921 981 30 30<\/a><\/span> or <span class=\"hightlighted\"><a href=\"mailto:info@silvervision.de\">info@silvervision.de<\/a><\/span>\t\t\t\t\t\t\t\t<\/div>\n\t\t\t\t\t<\/div>\n\t\t<\/div>\n\t\t\t\t\t<\/div>\n\t\t<\/section>\n\t\t\t\t<\/div>","protected":false},"excerpt":{"rendered":"<p>Business Gesch\u00e4ftsreise Sie m\u00f6chten einfacher, sicherer und schneller ans Ziel gelangen. Sie w\u00fcnschen erstklassigen Komfort mit skalierbaren Leistungen. Sie erwarten eine gro\u00dfe Bandbreite an Fahrzeugklassen aus einer Hand. Und nicht zuletzt soll Ihnen der Service deutschlandweit fl\u00e4chendeckend zur Verf\u00fcgung stehen. Hier kommt Silvervision f\u00fcr Sie ins Spiel! Wir bieten Ihnen neben einem Optimum an Sicherheit [&hellip;]<\/p>\n","protected":false},"author":1,"featured_media":0,"parent":0,"menu_order":0,"comment_status":"closed","ping_status":"closed","template":"","meta":{"_acf_changed":false,"inline_featured_image":false,"footnotes":""},"class_list":["post-972","page","type-page","status-publish","hentry"],"acf":[],"_links":{"self":[{"href":"https:\/\/silvervision.de\/en\/wp-json\/wp\/v2\/pages\/972","targetHints":{"allow":["GET"]}}],"collection":[{"href":"https:\/\/silvervision.de\/en\/wp-json\/wp\/v2\/pages"}],"about":[{"href":"https:\/\/silvervision.de\/en\/wp-json\/wp\/v2\/types\/page"}],"author":[{"embeddable":true,"href":"https:\/\/silvervision.de\/en\/wp-json\/wp\/v2\/users\/1"}],"replies":[{"embeddable":true,"href":"https:\/\/silvervision.de\/en\/wp-json\/wp\/v2\/comments?post=972"}],"version-history":[{"count":51,"href":"https:\/\/silvervision.de\/en\/wp-json\/wp\/v2\/pages\/972\/revisions"}],"predecessor-version":[{"id":9798,"href":"https:\/\/silvervision.de\/en\/wp-json\/wp\/v2\/pages\/972\/revisions\/9798"}],"wp:attachment":[{"href":"https:\/\/silvervision.de\/en\/wp-json\/wp\/v2\/media?parent=972"}],"curies":[{"name":"wp","href":"https:\/\/api.w.org\/{rel}","templated":true}]}}