{"id":974,"date":"2022-12-07T13:36:11","date_gmt":"2022-12-07T12:36:11","guid":{"rendered":"https:\/\/baustelle.online-showcase.de\/?page_id=974"},"modified":"2025-05-05T12:05:59","modified_gmt":"2025-05-05T10:05:59","slug":"unternehmen","status":"publish","type":"page","link":"https:\/\/silvervision.de\/en\/unternehmen\/","title":{"rendered":"company"},"content":{"rendered":"<div data-elementor-type=\"wp-page\" data-elementor-id=\"974\" class=\"elementor elementor-974\" data-elementor-post-type=\"page\">\n\t\t\t\t\t\t<section class=\"elementor-section elementor-top-section elementor-element elementor-element-16c37965 elementor-section-height-min-height elementor-section-boxed elementor-section-height-default elementor-section-items-middle\" data-id=\"16c37965\" data-element_type=\"section\" data-e-type=\"section\">\n\t\t\t\t\t\t<div class=\"elementor-container elementor-column-gap-default\">\n\t\t\t\t\t<div class=\"elementor-column elementor-col-100 elementor-top-column elementor-element elementor-element-11310291\" data-id=\"11310291\" data-element_type=\"column\" data-e-type=\"column\">\n\t\t\t<div class=\"elementor-widget-wrap elementor-element-populated\">\n\t\t\t\t\t\t<div class=\"elementor-element elementor-element-2a245a90 elementor-widget elementor-widget-heading\" data-id=\"2a245a90\" data-element_type=\"widget\" data-e-type=\"widget\" data-widget_type=\"heading.default\">\n\t\t\t\t\t<h1 class=\"elementor-heading-title elementor-size-default\">company<\/h1>\t\t\t\t<\/div>\n\t\t\t\t<div class=\"elementor-element elementor-element-807614a elementor-widget elementor-widget-heading\" data-id=\"807614a\" data-element_type=\"widget\" data-e-type=\"widget\" data-widget_type=\"heading.default\">\n\t\t\t\t\t<p class=\"elementor-heading-title elementor-size-default\">\u00dcber uns<\/p>\t\t\t\t<\/div>\n\t\t\t\t\t<\/div>\n\t\t<\/div>\n\t\t\t\t\t<\/div>\n\t\t<\/section>\n\t\t\t\t<section class=\"elementor-section elementor-top-section elementor-element elementor-element-13f5e2e elementor-section-content-middle elementor-section-boxed elementor-section-height-default elementor-section-height-default\" data-id=\"13f5e2e\" data-element_type=\"section\" data-e-type=\"section\">\n\t\t\t\t\t\t<div class=\"elementor-container elementor-column-gap-extended\">\n\t\t\t\t\t<div class=\"elementor-column elementor-col-50 elementor-top-column elementor-element elementor-element-7f69ae5f\" data-id=\"7f69ae5f\" data-element_type=\"column\" data-e-type=\"column\">\n\t\t\t<div class=\"elementor-widget-wrap elementor-element-populated\">\n\t\t\t\t\t\t<div class=\"elementor-element elementor-element-6d270d11 elementor-widget elementor-widget-heading\" data-id=\"6d270d11\" data-element_type=\"widget\" data-e-type=\"widget\" data-widget_type=\"heading.default\">\n\t\t\t\t\t<h3 class=\"elementor-heading-title elementor-size-default\">Qualit\u00e4t<\/h3>\t\t\t\t<\/div>\n\t\t\t\t\t<\/div>\n\t\t<\/div>\n\t\t\t\t<div class=\"elementor-column elementor-col-50 elementor-top-column elementor-element elementor-element-3dca444e\" data-id=\"3dca444e\" data-element_type=\"column\" data-e-type=\"column\">\n\t\t\t<div class=\"elementor-widget-wrap elementor-element-populated\">\n\t\t\t\t\t\t<div class=\"elementor-element elementor-element-3da428ce elementor-widget elementor-widget-text-editor\" data-id=\"3da428ce\" data-element_type=\"widget\" data-e-type=\"widget\" data-widget_type=\"text-editor.default\">\n\t\t\t\t\t\t\t\t\t<p>Entspannung, Komfort und Diskretion \u2013 das alles und noch mehr bieten wir Ihnen bei Silvervision. Wir stehen mit unserer langj\u00e4hrigen Erfahrung und unserem hervorragenden Ruf zudem f\u00fcr exquisites und stilvolles Ambiente, Exklusivit\u00e4t und Verschwiegenheit.\n\n \n\nEgal, f\u00fcr welches unserer Serviceangebote Sie sich entscheiden: Bei uns an Bord genie\u00dfen Sie als Kunde ein besonders exquisites, gediegenes und stilvolles Ambiente, w\u00e4hrend unser Fahrservice Sie sicher zu Veranstaltungen, Meetings, Kongressen und Messen oder ganz individuellen Reiseevents bringt.\n\n \n\nAls Mitglied der G\u00fctegemeinschaft Buskomfort (gbk) garantieren wir Ihnen h\u00f6chste Qualit\u00e4t \u2013 sowohl in der Fahrzeugausstattung als auch beim Service. Mit dem G\u00fctezeichen RAL Buskomfort werden unsere hohen Standards j\u00e4hrlich durch eine neutrale Pr\u00fcforganisationunter die Lupe genommen.<\/p>\t\t\t\t\t\t\t\t<\/div>\n\t\t\t\t\t<\/div>\n\t\t<\/div>\n\t\t\t\t\t<\/div>\n\t\t<\/section>\n\t\t\t\t<section class=\"elementor-section elementor-top-section elementor-element elementor-element-cbd2885 elementor-section-content-middle elementor-section-boxed elementor-section-height-default elementor-section-height-default\" data-id=\"cbd2885\" data-element_type=\"section\" data-e-type=\"section\">\n\t\t\t\t\t\t<div class=\"elementor-container elementor-column-gap-extended\">\n\t\t\t\t\t<div class=\"elementor-column elementor-col-50 elementor-top-column elementor-element elementor-element-9be0e24\" data-id=\"9be0e24\" data-element_type=\"column\" data-e-type=\"column\">\n\t\t\t<div class=\"elementor-widget-wrap elementor-element-populated\">\n\t\t\t\t\t\t<div class=\"elementor-element elementor-element-d295d70 elementor-widget elementor-widget-heading\" data-id=\"d295d70\" data-element_type=\"widget\" data-e-type=\"widget\" data-widget_type=\"heading.default\">\n\t\t\t\t\t<h3 class=\"elementor-heading-title elementor-size-default\">Locations<\/h3>\t\t\t\t<\/div>\n\t\t\t\t\t<\/div>\n\t\t<\/div>\n\t\t\t\t<div class=\"elementor-column elementor-col-50 elementor-top-column elementor-element elementor-element-5f1c2e2\" data-id=\"5f1c2e2\" data-element_type=\"column\" data-e-type=\"column\">\n\t\t\t<div class=\"elementor-widget-wrap elementor-element-populated\">\n\t\t\t\t\t\t<div class=\"elementor-element elementor-element-21d88ba elementor-widget elementor-widget-image\" data-id=\"21d88ba\" data-element_type=\"widget\" data-e-type=\"widget\" alt=\"Silvervision-Standorte\" data-widget_type=\"image.default\">\n\t\t\t\t\t\t\t\t\t\t\t\t\t\t\t<img fetchpriority=\"high\" decoding=\"async\" width=\"800\" height=\"800\" src=\"https:\/\/silvervision.de\/wp-content\/uploads\/2023\/01\/germany.svg\" class=\"attachment-large size-large wp-image-2387\" alt=\"Silvervision Standorte Deutschland\" \/>\t\t\t\t\t\t\t\t\t\t\t\t\t\t\t<\/div>\n\t\t\t\t\t<\/div>\n\t\t<\/div>\n\t\t\t\t\t<\/div>\n\t\t<\/section>\n\t\t\t\t<section class=\"elementor-section elementor-top-section elementor-element elementor-element-5d73e09c elementor-section-height-min-height elementor-section-boxed elementor-section-height-default elementor-section-items-middle\" data-id=\"5d73e09c\" data-element_type=\"section\" data-e-type=\"section\" data-settings=\"{&quot;background_background&quot;:&quot;classic&quot;}\">\n\t\t\t\t\t\t<div class=\"elementor-container elementor-column-gap-default\">\n\t\t\t\t\t<div class=\"elementor-column elementor-col-100 elementor-top-column elementor-element elementor-element-31a6aa28\" data-id=\"31a6aa28\" data-element_type=\"column\" data-e-type=\"column\" data-settings=\"{&quot;background_background&quot;:&quot;classic&quot;}\">\n\t\t\t<div class=\"elementor-widget-wrap elementor-element-populated\">\n\t\t\t\t\t\t<div class=\"elementor-element elementor-element-14aaf7b elementor-widget elementor-widget-text-editor\" data-id=\"14aaf7b\" data-element_type=\"widget\" data-e-type=\"widget\" data-widget_type=\"text-editor.default\">\n\t\t\t\t\t\t\t\t\tFree &amp; non-binding advice: <span class=\"hightlighted\"><a href=\"tel:004929219813030\">+49 2921 981 30 30<\/a><\/span> or <span class=\"hightlighted\"><a href=\"mailto:info@silvervision.de\">info@silvervision.de<\/a><\/span>\t\t\t\t\t\t\t\t<\/div>\n\t\t\t\t\t<\/div>\n\t\t<\/div>\n\t\t\t\t\t<\/div>\n\t\t<\/section>\n\t\t\t\t<section class=\"elementor-section elementor-top-section elementor-element elementor-element-ff3ee1a elementor-section-content-middle elementor-section-boxed elementor-section-height-default elementor-section-height-default\" data-id=\"ff3ee1a\" data-element_type=\"section\" data-e-type=\"section\">\n\t\t\t\t\t\t<div class=\"elementor-container elementor-column-gap-extended\">\n\t\t\t\t\t<div class=\"elementor-column elementor-col-50 elementor-top-column elementor-element elementor-element-a1be7c4\" data-id=\"a1be7c4\" data-element_type=\"column\" data-e-type=\"column\">\n\t\t\t<div class=\"elementor-widget-wrap elementor-element-populated\">\n\t\t\t\t\t\t<div class=\"elementor-element elementor-element-58a58a0 elementor-widget elementor-widget-heading\" data-id=\"58a58a0\" data-element_type=\"widget\" data-e-type=\"widget\" data-widget_type=\"heading.default\">\n\t\t\t\t\t<h3 class=\"elementor-heading-title elementor-size-default\">Our partners<\/h3>\t\t\t\t<\/div>\n\t\t\t\t\t<\/div>\n\t\t<\/div>\n\t\t\t\t<div class=\"elementor-column elementor-col-50 elementor-top-column elementor-element elementor-element-4d0fd36\" data-id=\"4d0fd36\" data-element_type=\"column\" data-e-type=\"column\">\n\t\t\t<div class=\"elementor-widget-wrap elementor-element-populated\">\n\t\t\t\t\t\t<div class=\"elementor-element elementor-element-289fe07 elementor-widget elementor-widget-text-editor\" data-id=\"289fe07\" data-element_type=\"widget\" data-e-type=\"widget\" data-widget_type=\"text-editor.default\">\n\t\t\t\t\t\t\t\t\t<p>Dank unseres deutschlandweiten Netzwerks sind wir und unsere Partner jederzeit f\u00fcr Sie an nahezu jedem Ort verf\u00fcgbar und bieten Ihnen einen nahezu fl\u00e4chendeckenden Business- und Konferenzbusservice.\n\n\nDie Fahrzeuge verf\u00fcgen \u00fcber eine dunkle Au\u00dfengestaltung und kommen fast ausnahmslos ohne eigenes Firmenbranding zum Einsatz. Nahezu alle verf\u00fcgen \u00fcber identische Ausstattungsmerkmale und unterscheiden sich nur noch leicht durch eine individuelle Innenausstattungsfarbe.\n\n\nAlle diese technisch erstklassigen Fahrzeugen f\u00fcr h\u00f6chste Anspr\u00fcche haben nat\u00fcrlich eines gemeinsam: Eine hochwertige Ausstattung durch die Verwendung edelster Materialien, einen hohen Sicherheitsstandard und modernes, komfortables Zubeh\u00f6r.\n\n\nDank unserer Partner sind wir sogar in der Lage, Ihnen 15 bis 20 hochwertige Sprinter f\u00fcr Ihre individuelle Veranstaltung im gro\u00dfen Rahmen zur Verf\u00fcgung zu stellen. Fordern Sie uns! Gerne beantworten wir Ihre Fragen und helfen Ihnen, die f\u00fcr Sie passende Konstellation zu finden.<\/p>\t\t\t\t\t\t\t\t<\/div>\n\t\t\t\t\t<\/div>\n\t\t<\/div>\n\t\t\t\t\t<\/div>\n\t\t<\/section>\n\t\t\t\t<section class=\"elementor-section elementor-top-section elementor-element elementor-element-f7e6b6d elementor-section-boxed elementor-section-height-default elementor-section-height-default\" data-id=\"f7e6b6d\" data-element_type=\"section\" data-e-type=\"section\">\n\t\t\t\t\t\t<div class=\"elementor-container elementor-column-gap-default\">\n\t\t\t\t\t<div class=\"elementor-column elementor-col-100 elementor-top-column elementor-element elementor-element-9a3005b\" data-id=\"9a3005b\" data-element_type=\"column\" data-e-type=\"column\">\n\t\t\t<div class=\"elementor-widget-wrap elementor-element-populated\">\n\t\t\t\t\t\t<div class=\"elementor-element elementor-element-6b371c3 elementor-widget elementor-widget-text-editor\" data-id=\"6b371c3\" data-element_type=\"widget\" data-e-type=\"widget\" data-widget_type=\"text-editor.default\">\n\t\t\t\t\t\t\t\t\t<p>Eines haben viele dieser Fahrzeuge an unseren unterschiedlichen Partnerstandorten gemein:\n\n \n\nEs handelt sich um Unikate die gr\u00f6\u00dftenteils zwar identische Ausstattungskriterien erf\u00fcllen aber auch \u00fcber Ihre eigene pers\u00f6nliche Handschrift verf\u00fcgen. Geschmacklich stimmig und dem klassischen Businessgedanken unterworfen spiegeln Sie in Ihrer Art einen repr\u00e4sentativen und edlen Charakter wider. Wir bieten Ihnen deutschlandweit die wohl gr\u00f6\u00dfte Auswahl an hochwertigen Fahrzeugen und dieses aus einer Hand. Sie planen eine Roadtrip an mehreren deutschen Standorten und suchen einen kompetenten Dienstleister?\n\n \n\nSie planen eine Gro\u00dfveranstaltung und sind auf der Suche nach einer gr\u00f6\u00dferen Anzahl dieser Fahrzeuge?\nHier sind wir von Silvervision Ihr kompetenter und zuverl\u00e4ssiger Partner. Speziell den einmaligen mit einer Einzelbestuhlung versehenen Konferenz Sprinter als auch die mit einer 2 + 1 Bestuhlung versehenen Fahrzeuge stellen wir Ihnen deutschlandweit an Ihrem Standort zur Verf\u00fcgung und erf\u00fcllen somit Ihren individuellen Wunsch nach einem Fahrzeug, welches genau Ihren Vorstellungen entspricht.\n\n \n\nGerne unterbreiten wir Ihnen Ihr Angebot f\u00fcr Ihre individuelle und ganz besondere Fahrt oder Eventreise. Ganz gleich wie ungew\u00f6hnlich Ihre W\u00fcnsche auch sein m\u00f6gen, denn dieses ist unser Hauptaugenmerk.\n\nMit Silvervision fahren Sie deutschlandweit absolut klimaneutral.<\/p>\t\t\t\t\t\t\t\t<\/div>\n\t\t\t\t\t<\/div>\n\t\t<\/div>\n\t\t\t\t\t<\/div>\n\t\t<\/section>\n\t\t\t\t<section class=\"elementor-section elementor-top-section elementor-element elementor-element-1a79ed97 elementor-section-boxed elementor-section-height-default elementor-section-height-default\" data-id=\"1a79ed97\" data-element_type=\"section\" data-e-type=\"section\" data-settings=\"{&quot;background_background&quot;:&quot;classic&quot;}\">\n\t\t\t\t\t\t<div class=\"elementor-container elementor-column-gap-default\">\n\t\t\t\t\t<div class=\"elementor-column elementor-col-66 elementor-top-column elementor-element elementor-element-1c20afc9\" data-id=\"1c20afc9\" data-element_type=\"column\" data-e-type=\"column\">\n\t\t\t<div class=\"elementor-widget-wrap elementor-element-populated\">\n\t\t\t\t\t\t<div class=\"elementor-element elementor-element-4454c6ba elementor-widget elementor-widget-heading\" data-id=\"4454c6ba\" data-element_type=\"widget\" data-e-type=\"widget\" data-widget_type=\"heading.default\">\n\t\t\t\t\t<h5 class=\"elementor-heading-title elementor-size-default\">Das gute Gef\u00fchl, in den besten H\u00e4nden zu sein.<\/h5>\t\t\t\t<\/div>\n\t\t\t\t<div class=\"elementor-element elementor-element-4bf851ea elementor-widget elementor-widget-text-editor\" data-id=\"4bf851ea\" data-element_type=\"widget\" data-e-type=\"widget\" data-widget_type=\"text-editor.default\">\n\t\t\t\t\t\t\t\t\t<p>Auf uns k\u00f6nnen Sie sich verlassen. Entdecken Sie die Bedeutung von Luxus, Zuverl\u00e4ssigkeit und Professionalit\u00e4t. Erfahren Sie mehr \u00fcber uns in unserem Imagefolder.<\/p>\t\t\t\t\t\t\t\t<\/div>\n\t\t\t\t<div class=\"elementor-element elementor-element-5175b488 elementor-align-justify elementor-widget elementor-widget-button\" data-id=\"5175b488\" data-element_type=\"widget\" data-e-type=\"widget\" data-widget_type=\"button.default\">\n\t\t\t\t\t\t\t\t\t\t<a class=\"elementor-button elementor-button-link elementor-size-sm\" href=\"https:\/\/silvervision.de\/wp-content\/uploads\/2023\/02\/Silvervision-Imagefolder-EN.pdf\" target=\"_blank\">\n\t\t\t\t\t\t<span class=\"elementor-button-content-wrapper\">\n\t\t\t\t\t\t\t\t\t<span class=\"elementor-button-text\">Download our image folder<\/span>\n\t\t\t\t\t<\/span>\n\t\t\t\t\t<\/a>\n\t\t\t\t\t\t\t\t<\/div>\n\t\t\t\t\t<\/div>\n\t\t<\/div>\n\t\t\t\t<div class=\"elementor-column elementor-col-33 elementor-top-column elementor-element elementor-element-52503eb8\" data-id=\"52503eb8\" data-element_type=\"column\" data-e-type=\"column\">\n\t\t\t<div class=\"elementor-widget-wrap elementor-element-populated\">\n\t\t\t\t\t\t<div class=\"elementor-element elementor-element-73439325 elementor-widget elementor-widget-image\" data-id=\"73439325\" data-element_type=\"widget\" data-e-type=\"widget\" data-widget_type=\"image.default\">\n\t\t\t\t\t\t\t\t\t\t\t\t\t\t\t<img decoding=\"async\" width=\"1024\" height=\"768\" src=\"https:\/\/silvervision.de\/wp-content\/uploads\/2023\/02\/silvervision-imagefolder.webp\" class=\"attachment-full size-full wp-image-4064\" alt=\"Silvervision Imagefolder\" srcset=\"https:\/\/silvervision.de\/wp-content\/uploads\/2023\/02\/silvervision-imagefolder.webp 1024w, https:\/\/silvervision.de\/wp-content\/uploads\/2023\/02\/silvervision-imagefolder-300x225.webp 300w, https:\/\/silvervision.de\/wp-content\/uploads\/2023\/02\/silvervision-imagefolder-768x576.webp 768w, https:\/\/silvervision.de\/wp-content\/uploads\/2023\/02\/silvervision-imagefolder-16x12.webp 16w\" sizes=\"(max-width: 1024px) 100vw, 1024px\" \/>\t\t\t\t\t\t\t\t\t\t\t\t\t\t\t<\/div>\n\t\t\t\t\t<\/div>\n\t\t<\/div>\n\t\t\t\t\t<\/div>\n\t\t<\/section>\n\t\t\t\t<section class=\"elementor-section elementor-top-section elementor-element elementor-element-aa028f7 elementor-section-content-middle elementor-section-boxed elementor-section-height-default elementor-section-height-default\" data-id=\"aa028f7\" data-element_type=\"section\" data-e-type=\"section\">\n\t\t\t\t\t\t<div class=\"elementor-container elementor-column-gap-extended\">\n\t\t\t\t\t<div class=\"elementor-column elementor-col-50 elementor-top-column elementor-element elementor-element-92f36c8\" data-id=\"92f36c8\" data-element_type=\"column\" data-e-type=\"column\">\n\t\t\t<div class=\"elementor-widget-wrap elementor-element-populated\">\n\t\t\t\t\t\t<div class=\"elementor-element elementor-element-d22be9d elementor-widget elementor-widget-heading\" data-id=\"d22be9d\" data-element_type=\"widget\" data-e-type=\"widget\" data-widget_type=\"heading.default\">\n\t\t\t\t\t<h3 class=\"elementor-heading-title elementor-size-default\">claim<\/h3>\t\t\t\t<\/div>\n\t\t\t\t\t<\/div>\n\t\t<\/div>\n\t\t\t\t<div class=\"elementor-column elementor-col-50 elementor-top-column elementor-element elementor-element-021f528\" data-id=\"021f528\" data-element_type=\"column\" data-e-type=\"column\">\n\t\t\t<div class=\"elementor-widget-wrap elementor-element-populated\">\n\t\t\t\t\t\t<div class=\"elementor-element elementor-element-fe804a5 elementor-widget elementor-widget-text-editor\" data-id=\"fe804a5\" data-element_type=\"widget\" data-e-type=\"widget\" data-widget_type=\"text-editor.default\">\n\t\t\t\t\t\t\t\t\t<p>Unser Anspruch ist es, Ihnen als unserem Fahrgast neben einem Optimum an Sicherheit auch ein perfektes Ma\u00df an Entspannung und Komfort zu vermitteln. Profitieren Sie deshalb jederzeit von unserer langj\u00e4hrigen Kompetenz und Erfahrung in Sachen Mobilit\u00e4t mit Premium Service.\n\n \n\nUnser Unternehmen, unsere Mitarbeiter und unsere Fahrzeugflotte stehen f\u00fcr Exklusivit\u00e4t und h\u00f6chste Anspr\u00fcche im Bereich der Personenbef\u00f6rderung. Unsere Angebote sind speziell auf die besonderen Bed\u00fcrfnisse unserer Kunden im Bereich der individuellen Mobilit\u00e4t ausgerichtet.\n\n \n\nAngefangen bei der technischen Ausstattung unserer Fahrzeuge \u00fcber die hochwertig gestaltete Reise- und Arbeitsumgebung im Fahrzeuginneren bis hin zu unseren ma\u00dfgeschneiderten pers\u00f6nlichen Services bieten wir ein rundum \u00fcberzeugendes Komplettprogramm.<\/p>\t\t\t\t\t\t\t\t<\/div>\n\t\t\t\t\t<\/div>\n\t\t<\/div>\n\t\t\t\t\t<\/div>\n\t\t<\/section>\n\t\t\t\t<section class=\"elementor-section elementor-top-section elementor-element elementor-element-6c984e0 elementor-section-content-middle elementor-section-boxed elementor-section-height-default elementor-section-height-default\" data-id=\"6c984e0\" data-element_type=\"section\" data-e-type=\"section\">\n\t\t\t\t\t\t<div class=\"elementor-container elementor-column-gap-extended\">\n\t\t\t\t\t<div class=\"elementor-column elementor-col-50 elementor-top-column elementor-element elementor-element-8f3a23a\" data-id=\"8f3a23a\" data-element_type=\"column\" data-e-type=\"column\">\n\t\t\t<div class=\"elementor-widget-wrap elementor-element-populated\">\n\t\t\t\t\t\t<div class=\"elementor-element elementor-element-388bddb elementor-widget elementor-widget-heading\" data-id=\"388bddb\" data-element_type=\"widget\" data-e-type=\"widget\" data-widget_type=\"heading.default\">\n\t\t\t\t\t<h3 class=\"elementor-heading-title elementor-size-default\">our service<\/h3>\t\t\t\t<\/div>\n\t\t\t\t\t<\/div>\n\t\t<\/div>\n\t\t\t\t<div class=\"elementor-column elementor-col-50 elementor-top-column elementor-element elementor-element-e8d6bcb\" data-id=\"e8d6bcb\" data-element_type=\"column\" data-e-type=\"column\">\n\t\t\t<div class=\"elementor-widget-wrap elementor-element-populated\">\n\t\t\t\t\t\t<div class=\"elementor-element elementor-element-5ea5011 elementor-widget elementor-widget-text-editor\" data-id=\"5ea5011\" data-element_type=\"widget\" data-e-type=\"widget\" data-widget_type=\"text-editor.default\">\n\t\t\t\t\t\t\t\t\t<p>Buchen Sie jetzt Ihr exklusives Fahrzeug bei Silvervision. Ob Konferenzmobil, Limousine, VIP-Van oder Reisebus: Als erfahrener Partner f\u00fcr individuelle Mobilit\u00e4t verf\u00fcgen wir deutschlandweit \u00fcber erstklassige Fahrzeuge f\u00fcr h\u00f6chste Anspr\u00fcche. Mit maximalem Sicherheitsstandard, einer hochwertigen Grundausstattung und modernem, besonders komfortablem Zubeh\u00f6r.<\/p>\n\n \n\n<p>Unsere Kunden legen gro\u00dfen Wert auf ein repr\u00e4sentatives Design, das bereits einen ersten Eindruck unseres exklusiven, einzigartigen Service vermittelt. Jeder Kunde soll sich bei uns sicher und wohl f\u00fchlen \u2013 und im Rahmen seiner Reise mit Silvervision auf nichts verzichten m\u00fcssen. Diesem Anspruch haben wir uns seit jeher gegen\u00fcber all unseren Kunden verschrieben.<\/p>\n\n \n\n<p>Deshalb bieten wir Ihnen nicht nur ein perfekt auf Ihre Bed\u00fcrfnisse zugeschnittenes Fahrzeug, sondern begleiten Sie in allen Belangen Ihrer individuellen Mobilit\u00e4t. Wir unterst\u00fctzen Sie rundum, von der komfortabel gestalteten Reise- und Arbeitsumgebung im Inneren der Fahrzeuge bis zur Planung Ihres Reiseevents. Das ist unser Komplettprogramm, dass Sie rundum \u00fcberzeugen wird.<\/p>\t\t\t\t\t\t\t\t<\/div>\n\t\t\t\t\t<\/div>\n\t\t<\/div>\n\t\t\t\t\t<\/div>\n\t\t<\/section>\n\t\t\t\t<section class=\"elementor-section elementor-top-section elementor-element elementor-element-1dad516 elementor-section-content-middle elementor-section-boxed elementor-section-height-default elementor-section-height-default\" data-id=\"1dad516\" data-element_type=\"section\" data-e-type=\"section\">\n\t\t\t\t\t\t<div class=\"elementor-container elementor-column-gap-extended\">\n\t\t\t\t\t<div class=\"elementor-column elementor-col-50 elementor-top-column elementor-element elementor-element-aceb0e8\" data-id=\"aceb0e8\" data-element_type=\"column\" data-e-type=\"column\">\n\t\t\t<div class=\"elementor-widget-wrap elementor-element-populated\">\n\t\t\t\t\t\t<div class=\"elementor-element elementor-element-6948d3b elementor-widget elementor-widget-heading\" data-id=\"6948d3b\" data-element_type=\"widget\" data-e-type=\"widget\" data-widget_type=\"heading.default\">\n\t\t\t\t\t<h3 class=\"elementor-heading-title elementor-size-default\">security<\/h3>\t\t\t\t<\/div>\n\t\t\t\t\t<\/div>\n\t\t<\/div>\n\t\t\t\t<div class=\"elementor-column elementor-col-50 elementor-top-column elementor-element elementor-element-933792a\" data-id=\"933792a\" data-element_type=\"column\" data-e-type=\"column\">\n\t\t\t<div class=\"elementor-widget-wrap elementor-element-populated\">\n\t\t\t\t\t\t<div class=\"elementor-element elementor-element-d9dc364 elementor-widget elementor-widget-text-editor\" data-id=\"d9dc364\" data-element_type=\"widget\" data-e-type=\"widget\" data-widget_type=\"text-editor.default\">\n\t\t\t\t\t\t\t\t\t<p>Wir bieten Ihnen neben einem Maximum an Komfort vor allem eins: H\u00f6chste Sicherheit. Mit Fahrzeugen auf dem technisch neuesten Stand, mit hervorragend ausgebildetem Personal, mit freiwilligen Kontrollen \u2013 und im Zeichen der Zeit auch mit dem Einbau spezieller Virenkiller.\n\n\nUnsere Fahrzeuge sind vielf\u00e4ltig ausgestattet. Dank zahlreicher Sicherheitskomponenten und einem Rohbau, der bereits allein durch seine spezielle Konstruktion f\u00fcr die Stabilit\u00e4t des gesamten Aufbaus unserer Konferenzbusse sorgt, fahren Sie mit Silvervision jederzeit rundum beh\u00fctet.\n\n\nUnsere Busse verf\u00fcgen \u00fcber Scheibenbremsen an allen Achsen, die \u00fcber ein neuartiges System elektronisch gesteuert werden. Der integrierte Bremsassistent erkennt eine Notbremsung schon im Ansatz und baut sofort den gr\u00f6\u00dftm\u00f6glichen Bremsdruck auf.\n\n\nDoch unser gr\u00f6\u00dftes Sicherheitssystem sind unsere Mitarbeiter. In Sicherheitstrainings und Seminaren werden die Fahrer immer wieder aufs Neue fit gemacht im Umgang mit ihrem Fahrzeug, mit den rechtlichen Regelungen und im Umgang mit ihren Fahrg\u00e4sten und Krisensituationen.<\/p>\t\t\t\t\t\t\t\t<\/div>\n\t\t\t\t\t<\/div>\n\t\t<\/div>\n\t\t\t\t\t<\/div>\n\t\t<\/section>\n\t\t\t\t<section class=\"elementor-section elementor-top-section elementor-element elementor-element-5e654367 elementor-section-height-min-height elementor-section-boxed elementor-section-height-default elementor-section-items-middle\" data-id=\"5e654367\" data-element_type=\"section\" data-e-type=\"section\" data-settings=\"{&quot;background_background&quot;:&quot;classic&quot;}\">\n\t\t\t\t\t\t<div class=\"elementor-container elementor-column-gap-default\">\n\t\t\t\t\t<div class=\"elementor-column elementor-col-100 elementor-top-column elementor-element elementor-element-10d1a563\" data-id=\"10d1a563\" data-element_type=\"column\" data-e-type=\"column\" data-settings=\"{&quot;background_background&quot;:&quot;classic&quot;}\">\n\t\t\t<div class=\"elementor-widget-wrap elementor-element-populated\">\n\t\t\t\t\t\t<div class=\"elementor-element elementor-element-5e96f867 elementor-widget elementor-widget-text-editor\" data-id=\"5e96f867\" data-element_type=\"widget\" data-e-type=\"widget\" data-widget_type=\"text-editor.default\">\n\t\t\t\t\t\t\t\t\tFree &amp; non-binding advice: <span class=\"hightlighted\"><a href=\"tel:004929219813030\">+49 2921 981 30 30<\/a><\/span> or <span class=\"hightlighted\"><a href=\"mailto:info@silvervision.de\">info@silvervision.de<\/a><\/span>\t\t\t\t\t\t\t\t<\/div>\n\t\t\t\t\t<\/div>\n\t\t<\/div>\n\t\t\t\t\t<\/div>\n\t\t<\/section>\n\t\t\t\t<\/div>","protected":false},"excerpt":{"rendered":"<p>Unternehmen \u00dcber uns Qualit\u00e4t Entspannung, Komfort und Diskretion \u2013 das alles und noch mehr bieten wir Ihnen bei Silvervision. Wir stehen mit unserer langj\u00e4hrigen Erfahrung und unserem hervorragenden Ruf zudem f\u00fcr exquisites und stilvolles Ambiente, Exklusivit\u00e4t und Verschwiegenheit. Egal, f\u00fcr welches unserer Serviceangebote Sie sich entscheiden: Bei uns an Bord genie\u00dfen Sie als Kunde ein [&hellip;]<\/p>\n","protected":false},"author":1,"featured_media":3582,"parent":0,"menu_order":0,"comment_status":"closed","ping_status":"closed","template":"","meta":{"_acf_changed":false,"inline_featured_image":false,"footnotes":""},"class_list":["post-974","page","type-page","status-publish","has-post-thumbnail","hentry"],"acf":[],"_links":{"self":[{"href":"https:\/\/silvervision.de\/en\/wp-json\/wp\/v2\/pages\/974","targetHints":{"allow":["GET"]}}],"collection":[{"href":"https:\/\/silvervision.de\/en\/wp-json\/wp\/v2\/pages"}],"about":[{"href":"https:\/\/silvervision.de\/en\/wp-json\/wp\/v2\/types\/page"}],"author":[{"embeddable":true,"href":"https:\/\/silvervision.de\/en\/wp-json\/wp\/v2\/users\/1"}],"replies":[{"embeddable":true,"href":"https:\/\/silvervision.de\/en\/wp-json\/wp\/v2\/comments?post=974"}],"version-history":[{"count":60,"href":"https:\/\/silvervision.de\/en\/wp-json\/wp\/v2\/pages\/974\/revisions"}],"predecessor-version":[{"id":13850,"href":"https:\/\/silvervision.de\/en\/wp-json\/wp\/v2\/pages\/974\/revisions\/13850"}],"wp:featuredmedia":[{"embeddable":true,"href":"https:\/\/silvervision.de\/en\/wp-json\/wp\/v2\/media\/3582"}],"wp:attachment":[{"href":"https:\/\/silvervision.de\/en\/wp-json\/wp\/v2\/media?parent=974"}],"curies":[{"name":"wp","href":"https:\/\/api.w.org\/{rel}","templated":true}]}}