{"id":976,"date":"2022-12-07T13:36:23","date_gmt":"2022-12-07T12:36:23","guid":{"rendered":"https:\/\/baustelle.online-showcase.de\/?page_id=976"},"modified":"2025-05-05T12:04:33","modified_gmt":"2025-05-05T10:04:33","slug":"reiseservice","status":"publish","type":"page","link":"https:\/\/silvervision.de\/en\/reiseservice\/","title":{"rendered":"travel service"},"content":{"rendered":"<div data-elementor-type=\"wp-page\" data-elementor-id=\"976\" class=\"elementor elementor-976\" data-elementor-post-type=\"page\">\n\t\t\t\t\t\t<section class=\"elementor-section elementor-top-section elementor-element elementor-element-cdf881f elementor-section-height-min-height elementor-section-boxed elementor-section-height-default elementor-section-items-middle\" data-id=\"cdf881f\" data-element_type=\"section\" data-e-type=\"section\" data-settings=\"{&quot;background_background&quot;:&quot;classic&quot;}\">\n\t\t\t\t\t\t<div class=\"elementor-container elementor-column-gap-default\">\n\t\t\t\t\t<div class=\"elementor-column elementor-col-100 elementor-top-column elementor-element elementor-element-5d5022f\" data-id=\"5d5022f\" data-element_type=\"column\" data-e-type=\"column\">\n\t\t\t<div class=\"elementor-widget-wrap elementor-element-populated\">\n\t\t\t\t\t\t<div class=\"elementor-element elementor-element-0f58e67 elementor-widget elementor-widget-heading\" data-id=\"0f58e67\" data-element_type=\"widget\" data-e-type=\"widget\" data-widget_type=\"heading.default\">\n\t\t\t\t\t<h1 class=\"elementor-heading-title elementor-size-default\">travel service<\/h1>\t\t\t\t<\/div>\n\t\t\t\t\t<\/div>\n\t\t<\/div>\n\t\t\t\t\t<\/div>\n\t\t<\/section>\n\t\t\t\t<section class=\"elementor-section elementor-top-section elementor-element elementor-element-dcaa6c0 elementor-section-height-min-height elementor-section-boxed elementor-section-height-default elementor-section-items-middle\" data-id=\"dcaa6c0\" data-element_type=\"section\" data-e-type=\"section\" data-settings=\"{&quot;background_background&quot;:&quot;classic&quot;,&quot;animation&quot;:&quot;none&quot;}\">\n\t\t\t\t\t\t<div class=\"elementor-container elementor-column-gap-default\">\n\t\t\t\t\t<div class=\"elementor-column elementor-col-50 elementor-top-column elementor-element elementor-element-b27a0cd\" data-id=\"b27a0cd\" data-element_type=\"column\" data-e-type=\"column\" data-settings=\"{&quot;animation&quot;:&quot;none&quot;}\">\n\t\t\t<div class=\"elementor-widget-wrap elementor-element-populated\">\n\t\t\t\t\t\t<div class=\"elementor-element elementor-element-645c78b elementor-widget elementor-widget-image\" data-id=\"645c78b\" data-element_type=\"widget\" data-e-type=\"widget\" data-widget_type=\"image.default\">\n\t\t\t\t\t\t\t\t\t\t\t\t\t\t\t<img fetchpriority=\"high\" decoding=\"async\" width=\"680\" height=\"250\" src=\"https:\/\/silvervision.de\/wp-content\/uploads\/2022\/12\/reiseservice-silvervision-piktogramm.png\" class=\"attachment-large size-large wp-image-1610\" alt=\"\" srcset=\"https:\/\/silvervision.de\/wp-content\/uploads\/2022\/12\/reiseservice-silvervision-piktogramm.png 680w, https:\/\/silvervision.de\/wp-content\/uploads\/2022\/12\/reiseservice-silvervision-piktogramm-300x110.png 300w\" sizes=\"(max-width: 680px) 100vw, 680px\" \/>\t\t\t\t\t\t\t\t\t\t\t\t\t\t\t<\/div>\n\t\t\t\t\t<\/div>\n\t\t<\/div>\n\t\t\t\t<div class=\"elementor-column elementor-col-50 elementor-top-column elementor-element elementor-element-7c2ea6c\" data-id=\"7c2ea6c\" data-element_type=\"column\" data-e-type=\"column\" data-settings=\"{&quot;animation&quot;:&quot;none&quot;}\">\n\t\t\t<div class=\"elementor-widget-wrap elementor-element-populated\">\n\t\t\t\t\t\t<div class=\"elementor-element elementor-element-a35479f elementor-widget elementor-widget-text-editor\" data-id=\"a35479f\" data-element_type=\"widget\" data-e-type=\"widget\" data-widget_type=\"text-editor.default\">\n\t\t\t\t\t\t\t\t\t<p>F\u00fcr uns geh\u00f6rt es selbstverst\u00e4ndlich zum Service, Sie auf Wunsch bei der Planung Ihrer Reise zu unterst\u00fctzen. Wir verf\u00fcgen auch in dieser Hinsicht \u00fcber jahrelange Erfahrung und arbeiten mit vertrauensw\u00fcrdigen Partnern aus Hotellerie und Tourismuswirtschaft zusammen.\n\n \n\nDurch unsere vielf\u00e4ltigen Kontakte und Beziehungen k\u00f6nnen wir Ihnen ein komplett auf Sie, Ihre Anspr\u00fcche und W\u00fcnsche abgestimmtes Paket f\u00fcr Ihr Reise-Event anbieten. Ganz gleich, ob Sie eine Fahrt mit Mitarbeitern, Kunden, Freunden oder der Familie planen.<\/p>\t\t\t\t\t\t\t\t<\/div>\n\t\t\t\t\t<\/div>\n\t\t<\/div>\n\t\t\t\t\t<\/div>\n\t\t<\/section>\n\t\t\t\t<section class=\"elementor-section elementor-top-section elementor-element elementor-element-071c36e elementor-section-height-min-height elementor-section-boxed elementor-section-height-default elementor-section-items-middle\" data-id=\"071c36e\" data-element_type=\"section\" data-e-type=\"section\" data-settings=\"{&quot;background_background&quot;:&quot;classic&quot;}\">\n\t\t\t\t\t\t<div class=\"elementor-container elementor-column-gap-default\">\n\t\t\t\t\t<div class=\"elementor-column elementor-col-50 elementor-top-column elementor-element elementor-element-9fbc475\" data-id=\"9fbc475\" data-element_type=\"column\" data-e-type=\"column\">\n\t\t\t<div class=\"elementor-widget-wrap elementor-element-populated\">\n\t\t\t\t\t\t<div class=\"elementor-element elementor-element-17cf489 elementor-widget elementor-widget-image\" data-id=\"17cf489\" data-element_type=\"widget\" data-e-type=\"widget\" data-widget_type=\"image.default\">\n\t\t\t\t\t\t\t\t\t\t\t\t\t\t\t<img decoding=\"async\" width=\"680\" height=\"383\" src=\"https:\/\/silvervision.de\/wp-content\/uploads\/2022\/12\/staedtreisen-silvervision.jpg\" class=\"attachment-large size-large wp-image-1617\" alt=\"Mit Silvervision nach Berlin\" srcset=\"https:\/\/silvervision.de\/wp-content\/uploads\/2022\/12\/staedtreisen-silvervision.jpg 680w, https:\/\/silvervision.de\/wp-content\/uploads\/2022\/12\/staedtreisen-silvervision-300x169.jpg 300w\" sizes=\"(max-width: 680px) 100vw, 680px\" \/>\t\t\t\t\t\t\t\t\t\t\t\t\t\t\t<\/div>\n\t\t\t\t\t<\/div>\n\t\t<\/div>\n\t\t\t\t<div class=\"elementor-column elementor-col-50 elementor-top-column elementor-element elementor-element-4801800\" data-id=\"4801800\" data-element_type=\"column\" data-e-type=\"column\">\n\t\t\t<div class=\"elementor-widget-wrap elementor-element-populated\">\n\t\t\t\t\t\t<div class=\"elementor-element elementor-element-2e796a1 elementor-widget elementor-widget-text-editor\" data-id=\"2e796a1\" data-element_type=\"widget\" data-e-type=\"widget\" data-widget_type=\"text-editor.default\">\n\t\t\t\t\t\t\t\t\t<p>Auch faszinierende St\u00e4dtereisen, beispielsweise nach Berlin, Dresden, M\u00fcnchen oder Hamburg k\u00f6nnen von uns f\u00fcr Sie geplant werden. Gerne bieten wir Ihnen auf Wunsch auch die individuelle Ausarbeitung von exklusiven Wochenendreisen, Gesch\u00e4ftsreisen oder Wellnessreisen an.\n\n \n\nWir machen auch exklusive Musicalreisen und ausgefallene Erlebnisreisen in beliebte Metropolen m\u00f6glich. Auch wenn Sie noch keine genaue Idee f\u00fcr Ihre Veranstaltung haben, zusammen werden wir bestimmt eine M\u00f6glichkeit finden, um f\u00fcr Sie ein unvergessliches Erlebnis zu organisieren.<\/p>\t\t\t\t\t\t\t\t<\/div>\n\t\t\t\t\t<\/div>\n\t\t<\/div>\n\t\t\t\t\t<\/div>\n\t\t<\/section>\n\t\t\t\t<section class=\"elementor-section elementor-top-section elementor-element elementor-element-5f7d5ab elementor-section-height-min-height elementor-section-boxed elementor-section-height-default elementor-section-items-middle\" data-id=\"5f7d5ab\" data-element_type=\"section\" data-e-type=\"section\" data-settings=\"{&quot;background_background&quot;:&quot;classic&quot;}\">\n\t\t\t\t\t\t<div class=\"elementor-container elementor-column-gap-default\">\n\t\t\t\t\t<div class=\"elementor-column elementor-col-50 elementor-top-column elementor-element elementor-element-212c1cc\" data-id=\"212c1cc\" data-element_type=\"column\" data-e-type=\"column\">\n\t\t\t<div class=\"elementor-widget-wrap elementor-element-populated\">\n\t\t\t\t\t\t<div class=\"elementor-element elementor-element-499be0e elementor-widget elementor-widget-image\" data-id=\"499be0e\" data-element_type=\"widget\" data-e-type=\"widget\" data-widget_type=\"image.default\">\n\t\t\t\t\t\t\t\t\t\t\t\t\t\t\t<img decoding=\"async\" width=\"680\" height=\"383\" src=\"https:\/\/silvervision.de\/wp-content\/uploads\/2022\/12\/erlebnisreisen-silvervision.jpg\" class=\"attachment-large size-large wp-image-1624\" alt=\"\" srcset=\"https:\/\/silvervision.de\/wp-content\/uploads\/2022\/12\/erlebnisreisen-silvervision.jpg 680w, https:\/\/silvervision.de\/wp-content\/uploads\/2022\/12\/erlebnisreisen-silvervision-300x169.jpg 300w\" sizes=\"(max-width: 680px) 100vw, 680px\" \/>\t\t\t\t\t\t\t\t\t\t\t\t\t\t\t<\/div>\n\t\t\t\t\t<\/div>\n\t\t<\/div>\n\t\t\t\t<div class=\"elementor-column elementor-col-50 elementor-top-column elementor-element elementor-element-6bbb27e\" data-id=\"6bbb27e\" data-element_type=\"column\" data-e-type=\"column\">\n\t\t\t<div class=\"elementor-widget-wrap elementor-element-populated\">\n\t\t\t\t\t\t<div class=\"elementor-element elementor-element-1dd3a93 elementor-widget elementor-widget-text-editor\" data-id=\"1dd3a93\" data-element_type=\"widget\" data-e-type=\"widget\" data-widget_type=\"text-editor.default\">\n\t\t\t\t\t\t\t\t\t<p>Wir organisieren f\u00fcr Sie Ihre absolut individuelle Erlebnisreise \u2013 ganz gleich ob innerhalb Deutschlands oder quer durch Europa, ganz egal ob Sie f\u00fcr sich und Ihre Familie oder Freunde planen oder eine gemeinsamen Firmenreise im Sinn haben. Wir beraten, organisieren und f\u00fchren aus.\n\n \n\nMit einer von Ihnen pers\u00f6nlich handverlesenen, kleinen Gruppe unterwegs zu sein, kann ein einzigartiges Reiseerlebnis schaffen. In kleinen Gruppen k\u00f6nnen Sie die Welt nicht nur ganz anders entdecken,\nsondern zu jeder Zeit die Begeisterung \u00fcber das Erlebte unmittelbar teilen.<\/p>\t\t\t\t\t\t\t\t<\/div>\n\t\t\t\t\t<\/div>\n\t\t<\/div>\n\t\t\t\t\t<\/div>\n\t\t<\/section>\n\t\t\t\t<section class=\"elementor-section elementor-top-section elementor-element elementor-element-46d31931 elementor-section-boxed elementor-section-height-default elementor-section-height-default\" data-id=\"46d31931\" data-element_type=\"section\" data-e-type=\"section\" data-settings=\"{&quot;background_background&quot;:&quot;classic&quot;}\">\n\t\t\t\t\t\t<div class=\"elementor-container elementor-column-gap-default\">\n\t\t\t\t\t<div class=\"elementor-column elementor-col-66 elementor-top-column elementor-element elementor-element-7daf5c7c\" data-id=\"7daf5c7c\" data-element_type=\"column\" data-e-type=\"column\">\n\t\t\t<div class=\"elementor-widget-wrap elementor-element-populated\">\n\t\t\t\t\t\t<div class=\"elementor-element elementor-element-13bcc065 elementor-widget elementor-widget-heading\" data-id=\"13bcc065\" data-element_type=\"widget\" data-e-type=\"widget\" data-widget_type=\"heading.default\">\n\t\t\t\t\t<h5 class=\"elementor-heading-title elementor-size-default\">Das gute Gef\u00fchl, in den besten H\u00e4nden zu sein.<\/h5>\t\t\t\t<\/div>\n\t\t\t\t<div class=\"elementor-element elementor-element-7bf54453 elementor-widget elementor-widget-text-editor\" data-id=\"7bf54453\" data-element_type=\"widget\" data-e-type=\"widget\" data-widget_type=\"text-editor.default\">\n\t\t\t\t\t\t\t\t\t<p>Auf uns k\u00f6nnen Sie sich verlassen. Entdecken Sie die Bedeutung von Luxus, Zuverl\u00e4ssigkeit und Professionalit\u00e4t. Erfahren Sie mehr \u00fcber uns in unserem Imagefolder.<\/p>\t\t\t\t\t\t\t\t<\/div>\n\t\t\t\t<div class=\"elementor-element elementor-element-10095715 elementor-align-justify elementor-widget elementor-widget-button\" data-id=\"10095715\" data-element_type=\"widget\" data-e-type=\"widget\" data-widget_type=\"button.default\">\n\t\t\t\t\t\t\t\t\t\t<a class=\"elementor-button elementor-button-link elementor-size-sm\" href=\"https:\/\/silvervision.de\/static\/imagefolder.pdf\" target=\"_blank\">\n\t\t\t\t\t\t<span class=\"elementor-button-content-wrapper\">\n\t\t\t\t\t\t\t\t\t<span class=\"elementor-button-text\">Download our image folder<\/span>\n\t\t\t\t\t<\/span>\n\t\t\t\t\t<\/a>\n\t\t\t\t\t\t\t\t<\/div>\n\t\t\t\t\t<\/div>\n\t\t<\/div>\n\t\t\t\t<div class=\"elementor-column elementor-col-33 elementor-top-column elementor-element elementor-element-660ed1ae\" data-id=\"660ed1ae\" data-element_type=\"column\" data-e-type=\"column\">\n\t\t\t<div class=\"elementor-widget-wrap elementor-element-populated\">\n\t\t\t\t\t\t<div class=\"elementor-element elementor-element-14936324 elementor-widget elementor-widget-image\" data-id=\"14936324\" data-element_type=\"widget\" data-e-type=\"widget\" data-widget_type=\"image.default\">\n\t\t\t\t\t\t\t\t\t\t\t\t\t\t\t<img loading=\"lazy\" decoding=\"async\" width=\"1024\" height=\"768\" src=\"https:\/\/silvervision.de\/wp-content\/uploads\/2023\/02\/silvervision-imagefolder.webp\" class=\"attachment-full size-full wp-image-4064\" alt=\"Silvervision Imagefolder\" srcset=\"https:\/\/silvervision.de\/wp-content\/uploads\/2023\/02\/silvervision-imagefolder.webp 1024w, https:\/\/silvervision.de\/wp-content\/uploads\/2023\/02\/silvervision-imagefolder-300x225.webp 300w, https:\/\/silvervision.de\/wp-content\/uploads\/2023\/02\/silvervision-imagefolder-768x576.webp 768w, https:\/\/silvervision.de\/wp-content\/uploads\/2023\/02\/silvervision-imagefolder-16x12.webp 16w\" sizes=\"(max-width: 1024px) 100vw, 1024px\" \/>\t\t\t\t\t\t\t\t\t\t\t\t\t\t\t<\/div>\n\t\t\t\t\t<\/div>\n\t\t<\/div>\n\t\t\t\t\t<\/div>\n\t\t<\/section>\n\t\t\t\t<section class=\"elementor-section elementor-top-section elementor-element elementor-element-be77503 elementor-section-height-min-height elementor-section-boxed elementor-section-height-default elementor-section-items-middle\" data-id=\"be77503\" data-element_type=\"section\" data-e-type=\"section\" data-settings=\"{&quot;background_background&quot;:&quot;classic&quot;}\">\n\t\t\t\t\t\t<div class=\"elementor-container elementor-column-gap-default\">\n\t\t\t\t\t<div class=\"elementor-column elementor-col-50 elementor-top-column elementor-element elementor-element-fadea1e\" data-id=\"fadea1e\" data-element_type=\"column\" data-e-type=\"column\">\n\t\t\t<div class=\"elementor-widget-wrap elementor-element-populated\">\n\t\t\t\t\t\t<div class=\"elementor-element elementor-element-de3954d elementor-widget elementor-widget-image\" data-id=\"de3954d\" data-element_type=\"widget\" data-e-type=\"widget\" data-widget_type=\"image.default\">\n\t\t\t\t\t\t\t\t\t\t\t\t\t\t\t<img loading=\"lazy\" decoding=\"async\" width=\"680\" height=\"383\" src=\"https:\/\/silvervision.de\/wp-content\/uploads\/2022\/12\/incentivereisen-silvervision.jpg\" class=\"attachment-large size-large wp-image-2076\" alt=\"\" srcset=\"https:\/\/silvervision.de\/wp-content\/uploads\/2022\/12\/incentivereisen-silvervision.jpg 680w, https:\/\/silvervision.de\/wp-content\/uploads\/2022\/12\/incentivereisen-silvervision-300x169.jpg 300w, https:\/\/silvervision.de\/wp-content\/uploads\/2022\/12\/incentivereisen-silvervision-18x10.jpg 18w\" sizes=\"(max-width: 680px) 100vw, 680px\" \/>\t\t\t\t\t\t\t\t\t\t\t\t\t\t\t<\/div>\n\t\t\t\t\t<\/div>\n\t\t<\/div>\n\t\t\t\t<div class=\"elementor-column elementor-col-50 elementor-top-column elementor-element elementor-element-47972da\" data-id=\"47972da\" data-element_type=\"column\" data-e-type=\"column\">\n\t\t\t<div class=\"elementor-widget-wrap elementor-element-populated\">\n\t\t\t\t\t\t<div class=\"elementor-element elementor-element-4a6fc96 elementor-widget elementor-widget-text-editor\" data-id=\"4a6fc96\" data-element_type=\"widget\" data-e-type=\"widget\" data-widget_type=\"text-editor.default\">\n\t\t\t\t\t\t\t\t\t<p>Incentive Reisen in einer perfekten Kombination aus Erlebnis, Gemeinschaft und Exklusivit\u00e4t sind eine besondere Belohnung. Damit steigern Sie die Kundenbindung \u2013 oder f\u00f6rdern positiv die Motivation und den Teamgeist der Mitarbeiter und deren Identifikation mit Ihrem Unternehmen.\n\n \n\nWir inszenieren f\u00fcr Sie Incentive Reisen, die weder Ihre Mitarbeiter noch Ihre Kunden vergessen werden. Dank unserer langj\u00e4hrigen Kompetenz und Erfahrung finden wir den individuellen Mix f\u00fcr Ihr Vorhaben! Profitieren Sie von unserem Top-Service und unserer besonderen Flexibilit\u00e4t.<\/p>\t\t\t\t\t\t\t\t<\/div>\n\t\t\t\t\t<\/div>\n\t\t<\/div>\n\t\t\t\t\t<\/div>\n\t\t<\/section>\n\t\t\t\t<section class=\"elementor-section elementor-top-section elementor-element elementor-element-9e6f699 elementor-section-height-min-height elementor-section-boxed elementor-section-height-default elementor-section-items-middle\" data-id=\"9e6f699\" data-element_type=\"section\" data-e-type=\"section\" data-settings=\"{&quot;background_background&quot;:&quot;classic&quot;}\">\n\t\t\t\t\t\t<div class=\"elementor-container elementor-column-gap-default\">\n\t\t\t\t\t<div class=\"elementor-column elementor-col-50 elementor-top-column elementor-element elementor-element-3afc5cd\" data-id=\"3afc5cd\" data-element_type=\"column\" data-e-type=\"column\">\n\t\t\t<div class=\"elementor-widget-wrap elementor-element-populated\">\n\t\t\t\t\t\t<div class=\"elementor-element elementor-element-232bcb0 elementor-widget elementor-widget-image\" data-id=\"232bcb0\" data-element_type=\"widget\" data-e-type=\"widget\" data-widget_type=\"image.default\">\n\t\t\t\t\t\t\t\t\t\t\t\t\t\t\t<img loading=\"lazy\" decoding=\"async\" width=\"680\" height=\"383\" src=\"https:\/\/silvervision.de\/wp-content\/uploads\/2022\/12\/luxusreisen-silvervision.jpg\" class=\"attachment-large size-large wp-image-2077\" alt=\"\" srcset=\"https:\/\/silvervision.de\/wp-content\/uploads\/2022\/12\/luxusreisen-silvervision.jpg 680w, https:\/\/silvervision.de\/wp-content\/uploads\/2022\/12\/luxusreisen-silvervision-300x169.jpg 300w, https:\/\/silvervision.de\/wp-content\/uploads\/2022\/12\/luxusreisen-silvervision-18x10.jpg 18w\" sizes=\"(max-width: 680px) 100vw, 680px\" \/>\t\t\t\t\t\t\t\t\t\t\t\t\t\t\t<\/div>\n\t\t\t\t\t<\/div>\n\t\t<\/div>\n\t\t\t\t<div class=\"elementor-column elementor-col-50 elementor-top-column elementor-element elementor-element-f2c219d\" data-id=\"f2c219d\" data-element_type=\"column\" data-e-type=\"column\">\n\t\t\t<div class=\"elementor-widget-wrap elementor-element-populated\">\n\t\t\t\t\t\t<div class=\"elementor-element elementor-element-1328d38 elementor-widget elementor-widget-text-editor\" data-id=\"1328d38\" data-element_type=\"widget\" data-e-type=\"widget\" data-widget_type=\"text-editor.default\">\n\t\t\t\t\t\t\t\t\t<p>Darf es eine Spur mehr Luxus sein? Auch in diesem Fall sind wir f\u00fcr Sie da und organisieren ein erlesenes, einzigartiges Erlebnis f\u00fcr Sie und Ihre Mitreisenden. Unser gro\u00dfes Netzwerk erm\u00f6glicht es uns, f\u00fcr nahezu jede Ihrer exklusiven Traumvorstellungen die richtige Umsetzung zu finden.\n\n \n\nWir wissen: Sie haben es sich verdient. Verraten Sie uns, wie Sie sich die Reise Ihrer Tr\u00e4ume vorstellen, und vertrauen Sie uns Ihre Zeit an \u2013 um alles andere k\u00fcmmern wir uns. Unser Anspruch ist es, Ihnen einen Luxusurlaub zu bereiten, der Sie weit \u00fcber den Aufenthalt hinaus begeistert.<\/p>\t\t\t\t\t\t\t\t<\/div>\n\t\t\t\t\t<\/div>\n\t\t<\/div>\n\t\t\t\t\t<\/div>\n\t\t<\/section>\n\t\t\t\t<\/div>","protected":false},"excerpt":{"rendered":"<p>Reiseservice F\u00fcr uns geh\u00f6rt es selbstverst\u00e4ndlich zum Service, Sie auf Wunsch bei der Planung Ihrer Reise zu unterst\u00fctzen. Wir verf\u00fcgen auch in dieser Hinsicht \u00fcber jahrelange Erfahrung und arbeiten mit vertrauensw\u00fcrdigen Partnern aus Hotellerie und Tourismuswirtschaft zusammen. Durch unsere vielf\u00e4ltigen Kontakte und Beziehungen k\u00f6nnen wir Ihnen ein komplett auf Sie, Ihre Anspr\u00fcche und W\u00fcnsche abgestimmtes [&hellip;]<\/p>\n","protected":false},"author":1,"featured_media":8089,"parent":0,"menu_order":0,"comment_status":"closed","ping_status":"closed","template":"","meta":{"_acf_changed":false,"inline_featured_image":false,"footnotes":""},"class_list":["post-976","page","type-page","status-publish","has-post-thumbnail","hentry"],"acf":[],"_links":{"self":[{"href":"https:\/\/silvervision.de\/en\/wp-json\/wp\/v2\/pages\/976","targetHints":{"allow":["GET"]}}],"collection":[{"href":"https:\/\/silvervision.de\/en\/wp-json\/wp\/v2\/pages"}],"about":[{"href":"https:\/\/silvervision.de\/en\/wp-json\/wp\/v2\/types\/page"}],"author":[{"embeddable":true,"href":"https:\/\/silvervision.de\/en\/wp-json\/wp\/v2\/users\/1"}],"replies":[{"embeddable":true,"href":"https:\/\/silvervision.de\/en\/wp-json\/wp\/v2\/comments?post=976"}],"version-history":[{"count":75,"href":"https:\/\/silvervision.de\/en\/wp-json\/wp\/v2\/pages\/976\/revisions"}],"predecessor-version":[{"id":9827,"href":"https:\/\/silvervision.de\/en\/wp-json\/wp\/v2\/pages\/976\/revisions\/9827"}],"wp:featuredmedia":[{"embeddable":true,"href":"https:\/\/silvervision.de\/en\/wp-json\/wp\/v2\/media\/8089"}],"wp:attachment":[{"href":"https:\/\/silvervision.de\/en\/wp-json\/wp\/v2\/media?parent=976"}],"curies":[{"name":"wp","href":"https:\/\/api.w.org\/{rel}","templated":true}]}}